{"id":6,"date":"2012-10-06T19:26:58","date_gmt":"2012-10-06T17:26:58","guid":{"rendered":"http:\/\/disibodenbergerhof.de\/?page_id=6"},"modified":"2012-12-25T18:12:42","modified_gmt":"2012-12-25T16:12:42","slug":"pensionspferde","status":"publish","type":"page","link":"https:\/\/disibodenbergerhof.de\/?page_id=6","title":{"rendered":"Pensionspferde"},"content":{"rendered":"<p><a href=\"http:\/\/disibodenbergerhof.de\/?attachment_id=149\" rel=\"attachment wp-att-149\"><img loading=\"lazy\" decoding=\"async\" class=\"alignnone size-medium wp-image-149\" alt=\"Pferd 1\" src=\"http:\/\/disibodenbergerhof.de\/wp-content\/uploads\/2012\/10\/Pferd-1-300x200.jpg\" width=\"300\" height=\"200\" srcset=\"https:\/\/disibodenbergerhof.de\/wp-content\/uploads\/2012\/10\/Pferd-1-300x200.jpg 300w, https:\/\/disibodenbergerhof.de\/wp-content\/uploads\/2012\/10\/Pferd-1-449x300.jpg 449w, https:\/\/disibodenbergerhof.de\/wp-content\/uploads\/2012\/10\/Pferd-1.jpg 1024w\" sizes=\"auto, (max-width: 300px) 100vw, 300px\" \/><\/a><\/p>\n<p>Bei uns sind <strong>Pferde <\/strong>immer willkommen!<\/p>\n<p>Auf dem Disibodenberger Hof gibt es 18 ha Weidefl\u00e4che, einen Pferdelaufstall und 4 Pferdeboxen. F\u00fcr Futter und Einstreu wird vom Betrieb ganzj\u00e4hrig gesorgt.F\u00fcr Fragen stehen wir Ihnen gerne zur Verf\u00fcgung.<\/p>\n<p><a href=\"http:\/\/disibodenbergerhof.de\/?attachment_id=150\" rel=\"attachment wp-att-150\"><img loading=\"lazy\" decoding=\"async\" class=\"alignnone size-medium wp-image-150\" alt=\"Pferd 2\" src=\"http:\/\/disibodenbergerhof.de\/wp-content\/uploads\/2012\/10\/Pferd-2-300x200.jpg\" width=\"300\" height=\"200\" srcset=\"https:\/\/disibodenbergerhof.de\/wp-content\/uploads\/2012\/10\/Pferd-2-300x200.jpg 300w, https:\/\/disibodenbergerhof.de\/wp-content\/uploads\/2012\/10\/Pferd-2-449x300.jpg 449w, https:\/\/disibodenbergerhof.de\/wp-content\/uploads\/2012\/10\/Pferd-2.jpg 1024w\" sizes=\"auto, (max-width: 300px) 100vw, 300px\" \/><\/a><\/p>\n<p><a href=\"http:\/\/disibodenbergerhof.de\/?attachment_id=181\" rel=\"attachment wp-att-181\"><img loading=\"lazy\" decoding=\"async\" class=\"alignnone size-medium wp-image-181\" alt=\"IMG_3308\" src=\"http:\/\/disibodenbergerhof.de\/wp-content\/uploads\/2012\/10\/IMG_3308-200x300.jpg\" width=\"200\" height=\"300\" srcset=\"https:\/\/disibodenbergerhof.de\/wp-content\/uploads\/2012\/10\/IMG_3308-200x300.jpg 200w, https:\/\/disibodenbergerhof.de\/wp-content\/uploads\/2012\/10\/IMG_3308.jpg 512w\" sizes=\"auto, (max-width: 200px) 100vw, 200px\" \/><\/a><\/p>\n<p>&nbsp;<\/p>\n","protected":false},"excerpt":{"rendered":"<p>Bei uns sind Pferde immer willkommen! Auf dem Disibodenberger Hof gibt es 18 ha Weidefl\u00e4che, einen Pferdelaufstall und 4 Pferdeboxen. F\u00fcr Futter und Einstreu wird vom Betrieb ganzj\u00e4hrig gesorgt.F\u00fcr Fragen stehen wir Ihnen gerne zur Verf\u00fcgung. &nbsp;<\/p>\n","protected":false},"author":3,"featured_media":0,"parent":0,"menu_order":0,"comment_status":"open","ping_status":"open","template":"","meta":{"footnotes":""},"class_list":["post-6","page","type-page","status-publish","hentry"],"_links":{"self":[{"href":"https:\/\/disibodenbergerhof.de\/index.php?rest_route=\/wp\/v2\/pages\/6","targetHints":{"allow":["GET"]}}],"collection":[{"href":"https:\/\/disibodenbergerhof.de\/index.php?rest_route=\/wp\/v2\/pages"}],"about":[{"href":"https:\/\/disibodenbergerhof.de\/index.php?rest_route=\/wp\/v2\/types\/page"}],"author":[{"embeddable":true,"href":"https:\/\/disibodenbergerhof.de\/index.php?rest_route=\/wp\/v2\/users\/3"}],"replies":[{"embeddable":true,"href":"https:\/\/disibodenbergerhof.de\/index.php?rest_route=%2Fwp%2Fv2%2Fcomments&post=6"}],"version-history":[{"count":8,"href":"https:\/\/disibodenbergerhof.de\/index.php?rest_route=\/wp\/v2\/pages\/6\/revisions"}],"predecessor-version":[{"id":11,"href":"https:\/\/disibodenbergerhof.de\/index.php?rest_route=\/wp\/v2\/pages\/6\/revisions\/11"}],"wp:attachment":[{"href":"https:\/\/disibodenbergerhof.de\/index.php?rest_route=%2Fwp%2Fv2%2Fmedia&parent=6"}],"curies":[{"name":"wp","href":"https:\/\/api.w.org\/{rel}","templated":true}]}}