{"id":46,"date":"2012-10-12T16:25:16","date_gmt":"2012-10-12T14:25:16","guid":{"rendered":"http:\/\/disibodenbergerhof.de\/?page_id=46"},"modified":"2017-02-15T19:07:48","modified_gmt":"2017-02-15T17:07:48","slug":"historie-2","status":"publish","type":"page","link":"https:\/\/disibodenbergerhof.de\/?page_id=46","title":{"rendered":"Historie"},"content":{"rendered":"<p>Diese Seite befasst sich mit der Geschichte des Disibodenberger Hofes und der\u00a0\u00a0 \u00a0 Familie <strong>Grauer-Grossarth<\/strong><\/p>\n<p>Der heutige Disibodenberger Hof wurde bis zur Aufhebung des nahegelegenen Klosters Disibodenberg im Jahr 1559 von den dort lebenden Zisterzienserm\u00f6nchen bewirtschaftet. Anschlie\u00dfend setzte die pfalz-zweibr\u00fcckische Regierung jeweils einen \u201eTemporalbest\u00e4nder= P\u00e4chter auf jeweis 10 Jahre ein, der das Gut  bewirtschaftete.<\/p>\n<p>1704 kam mit Nikolaus Gro\u00dfarth aus \u201eFeyl\u201c (das heutige Feilbingert) der erste Vorfahr der heutigen Besitzer auf den Disibodenberger Hof. Zun\u00e4chst als Temporalbest\u00e4nder, ab 1714 dann als Erbp\u00e4chter. Seitdem befindet sich der Hof in Familienbesitz. 1734 wurde das Gut geteilt, nachdem Nikolaus Gro\u00dfarth den Hof zu gleichen Teilen an seinen Sohn Anton und eine Tochter vererbt hatte. Die H\u00e4lfte des Bruders, Anton Gro\u00dfarth ist bis heute im Besitz der Familie Grauer-Gro\u00dfarth, die zweite H\u00e4lfte, diejenige der Schwester Anna Katharina Eberth, wurde mehrfach weiter vererbt und verpachtet und geh\u00f6rt heute dem Weingut von Racknitz sowie einer dritten Familie. (<a href=\"http:\/\/disibodenbergerhof.de\/wp-content\/uploads\/2012\/10\/Best\u00e4nderlisteC.pdf\">\u00dcbersicht der Best\u00e4nder, Besitzer und P\u00e4chter seit 1570<\/a>).<\/p>\n<p>Einige erhaltene Urkunden und Schriftst\u00fccke geben interessante Einblicke in die Bewirtschaftung des Hofes\u00a0 im 18. und 19. Jahrhundert, etwa \u00fcber die H\u00f6he der an die zu entrichtenden Pacht (seit 1768 geh\u00f6rte der Disibodenberg, wie Odernheim, zur Kurpfalz) und damit die Ertr\u00e4ge in den jeweiligen Jahren.<\/p>\n<p>In den 1920er Jahren und danach bot der Hof Ruhe und Erholung f\u00fcr st\u00e4dtische Sommerfrischler:<\/p>\n<p><a href=\"http:\/\/disibodenbergerhof.de\/?attachment_id=156\" rel=\"attachment wp-att-156\"><img decoding=\"async\" class=\"alignnone size-medium wp-image-156\" alt=\"Sommerfrische Disibodenberger Hof\" src=\"http:\/\/disibodenbergerhof.de\/wp-content\/uploads\/2012\/10\/Sommerfrische-Disibodenberger-Hof.bmp\" \/><\/a><\/p>\n<p>&nbsp;<\/p>\n<p><strong>Quellen<\/strong><\/p>\n<p>Die historischen Daten und Angaben enstammen vorhandenen Familiendokumenten, eigenen Recherchen in diversen Archiven, den Unterlagen anderer AhnenforscherInnen sowie der Odernheimer Dorfchronik (Schworm, Karl n.d. <em>Odernheim am Glan und Disibodenberg. Ein Geschichts- und Heimatbuch<\/em>. Koblenz: G\u00f6rres-Verlag.)<\/p>\n<p>Stammbaum Fam. Johann Nikolaus Gro\u00dfarth<\/p>\n<p style=\"text-align: center;\"><a href=\"http:\/\/disibodenbergerhof.de\/wp-content\/uploads\/2012\/10\/10-Stamm-1.jpg\" target=\"_blank\"><img loading=\"lazy\" decoding=\"async\" class=\"size-medium wp-image-164 aligncenter\" alt=\"10-Stamm-1\" src=\"http:\/\/disibodenbergerhof.de\/wp-content\/uploads\/2012\/10\/10-Stamm-1-300x211.jpg\" width=\"300\" height=\"211\" srcset=\"https:\/\/disibodenbergerhof.de\/wp-content\/uploads\/2012\/10\/10-Stamm-1-300x211.jpg 300w, https:\/\/disibodenbergerhof.de\/wp-content\/uploads\/2012\/10\/10-Stamm-1-1024x723.jpg 1024w, https:\/\/disibodenbergerhof.de\/wp-content\/uploads\/2012\/10\/10-Stamm-1-424x300.jpg 424w, https:\/\/disibodenbergerhof.de\/wp-content\/uploads\/2012\/10\/10-Stamm-1.jpg 1754w\" sizes=\"auto, (max-width: 300px) 100vw, 300px\" \/><\/a><\/p>\n<div id=\"attachment_194\" style=\"width: 225px\" class=\"wp-caption aligncenter\"><a href=\"http:\/\/disibodenbergerhof.de\/wp-content\/uploads\/2012\/10\/Schreiben_1703_1.jpg\"><img loading=\"lazy\" decoding=\"async\" aria-describedby=\"caption-attachment-194\" class=\"size-medium wp-image-194\" alt=\"Schreiben_1703_1\" src=\"http:\/\/disibodenbergerhof.de\/wp-content\/uploads\/2012\/10\/Schreiben_1703_1-215x300.jpg\" width=\"215\" height=\"300\" srcset=\"https:\/\/disibodenbergerhof.de\/wp-content\/uploads\/2012\/10\/Schreiben_1703_1-215x300.jpg 215w, https:\/\/disibodenbergerhof.de\/wp-content\/uploads\/2012\/10\/Schreiben_1703_1-736x1024.jpg 736w, https:\/\/disibodenbergerhof.de\/wp-content\/uploads\/2012\/10\/Schreiben_1703_1.jpg 1245w\" sizes=\"auto, (max-width: 215px) 100vw, 215px\" \/><\/a><p id=\"caption-attachment-194\" class=\"wp-caption-text\">Urkunde um 1703 (Teil 1)<\/p><\/div>\n<div id=\"attachment_195\" style=\"width: 224px\" class=\"wp-caption aligncenter\"><a href=\"http:\/\/disibodenbergerhof.de\/wp-content\/uploads\/2012\/10\/Schreiben_1703_2.jpg\"><img loading=\"lazy\" decoding=\"async\" aria-describedby=\"caption-attachment-195\" class=\"size-medium wp-image-195\" alt=\"Schreiben_1703_2\" src=\"http:\/\/disibodenbergerhof.de\/wp-content\/uploads\/2012\/10\/Schreiben_1703_2-214x300.jpg\" width=\"214\" height=\"300\" srcset=\"https:\/\/disibodenbergerhof.de\/wp-content\/uploads\/2012\/10\/Schreiben_1703_2-214x300.jpg 214w, https:\/\/disibodenbergerhof.de\/wp-content\/uploads\/2012\/10\/Schreiben_1703_2-732x1024.jpg 732w, https:\/\/disibodenbergerhof.de\/wp-content\/uploads\/2012\/10\/Schreiben_1703_2.jpg 1209w\" sizes=\"auto, (max-width: 214px) 100vw, 214px\" \/><\/a><p id=\"caption-attachment-195\" class=\"wp-caption-text\">Urkunde um 1703 (Teil 2)<\/p><\/div>\n<div id=\"attachment_196\" style=\"width: 214px\" class=\"wp-caption aligncenter\"><a href=\"http:\/\/disibodenbergerhof.de\/wp-content\/uploads\/2012\/10\/Schreiben_1703_Uebersetzung.jpg\"><img loading=\"lazy\" decoding=\"async\" aria-describedby=\"caption-attachment-196\" class=\"size-medium wp-image-196\" alt=\"Schreiben_1703_Uebersetzung\" src=\"http:\/\/disibodenbergerhof.de\/wp-content\/uploads\/2012\/10\/Schreiben_1703_Uebersetzung-204x300.jpg\" width=\"204\" height=\"300\" srcset=\"https:\/\/disibodenbergerhof.de\/wp-content\/uploads\/2012\/10\/Schreiben_1703_Uebersetzung-204x300.jpg 204w, https:\/\/disibodenbergerhof.de\/wp-content\/uploads\/2012\/10\/Schreiben_1703_Uebersetzung-699x1024.jpg 699w, https:\/\/disibodenbergerhof.de\/wp-content\/uploads\/2012\/10\/Schreiben_1703_Uebersetzung.jpg 1152w\" sizes=\"auto, (max-width: 204px) 100vw, 204px\" \/><\/a><p id=\"caption-attachment-196\" class=\"wp-caption-text\">\u00dcbersetzung der Urkunde<\/p><\/div>\n<p style=\"text-align: center;\">\n","protected":false},"excerpt":{"rendered":"<p>Diese Seite befasst sich mit der Geschichte des Disibodenberger Hofes und der\u00a0\u00a0 \u00a0 Familie Grauer-Grossarth Der heutige Disibodenberger Hof wurde bis zur Aufhebung des nahegelegenen Klosters Disibodenberg im Jahr 1559 von den dort lebenden Zisterzienserm\u00f6nchen bewirtschaftet. Anschlie\u00dfend setzte die pfalz-zweibr\u00fcckische &hellip; <a href=\"https:\/\/disibodenbergerhof.de\/?page_id=46\">Weiterlesen <span class=\"meta-nav\">&rarr;<\/span><\/a><\/p>\n","protected":false},"author":3,"featured_media":0,"parent":0,"menu_order":0,"comment_status":"open","ping_status":"open","template":"","meta":{"footnotes":""},"class_list":["post-46","page","type-page","status-publish","hentry"],"_links":{"self":[{"href":"https:\/\/disibodenbergerhof.de\/index.php?rest_route=\/wp\/v2\/pages\/46","targetHints":{"allow":["GET"]}}],"collection":[{"href":"https:\/\/disibodenbergerhof.de\/index.php?rest_route=\/wp\/v2\/pages"}],"about":[{"href":"https:\/\/disibodenbergerhof.de\/index.php?rest_route=\/wp\/v2\/types\/page"}],"author":[{"embeddable":true,"href":"https:\/\/disibodenbergerhof.de\/index.php?rest_route=\/wp\/v2\/users\/3"}],"replies":[{"embeddable":true,"href":"https:\/\/disibodenbergerhof.de\/index.php?rest_route=%2Fwp%2Fv2%2Fcomments&post=46"}],"version-history":[{"count":29,"href":"https:\/\/disibodenbergerhof.de\/index.php?rest_route=\/wp\/v2\/pages\/46\/revisions"}],"predecessor-version":[{"id":54,"href":"https:\/\/disibodenbergerhof.de\/index.php?rest_route=\/wp\/v2\/pages\/46\/revisions\/54"}],"wp:attachment":[{"href":"https:\/\/disibodenbergerhof.de\/index.php?rest_route=%2Fwp%2Fv2%2Fmedia&parent=46"}],"curies":[{"name":"wp","href":"https:\/\/api.w.org\/{rel}","templated":true}]}}